{"id":379,"date":"2019-11-27T15:53:19","date_gmt":"2019-11-27T14:53:19","guid":{"rendered":"http:\/\/energiespundwand.net\/wordpress\/?page_id=379"},"modified":"2021-04-08T14:15:34","modified_gmt":"2021-04-08T12:15:34","slug":"datenschutzerklaerung","status":"publish","type":"page","link":"http:\/\/energiespundwand.net\/wordpress\/datenschutzerklaerung\/","title":{"rendered":"Datenschutzerkl\u00e4rung"},"content":{"rendered":"\n<p class=\"has-text-align-left\">Wir haben auf unseren Seiten keine Cookies gesetzt. Diese Datenschutzerkl\u00e4rung gilt f\u00fcr die Nutzung der von uns angebotenen Webseiten.  Die Nutzung der Pr\u00e4sentation ist ohne Angabe personenbezogener Daten m\u00f6glich.&nbsp; <\/p>\n\n\n\n<p class=\"has-text-align-left\">Bei der Betrachtung unserer  Webseiten bleiben Sie anonym. <\/p>\n\n\n\n<p class=\"has-text-align-left\">Sofern innerhalb des Internetangebotes die M\u00f6glichkeit der Eingabe von pers\u00f6nlichen Daten besteht, erfolgt diese freiwillig. Wir erkl\u00e4ren ausdr\u00fccklich, dass Daten nicht an Dritte weitergegeben werden. Wir gehen sehr sorgsam mit Daten unserer Kunden um und f\u00fchren nach Projektende die L\u00f6schung Ihrer Daten durch.<\/p>\n\n\n\n<p> <a href=\"http:\/\/energiespundwand.net\/wordpress\/\">energiespundwand.net<\/a> <\/p>\n","protected":false},"excerpt":{"rendered":"<p>Wir haben auf unseren Seiten keine Cookies gesetzt. Diese Datenschutzerkl\u00e4rung gilt f\u00fcr die Nutzung der von uns angebotenen Webseiten. Die Nutzung der Pr\u00e4sentation ist ohne Angabe personenbezogener Daten m\u00f6glich.&nbsp; Bei der Betrachtung unserer Webseiten bleiben Sie anonym. Sofern innerhalb des Internetangebotes die M\u00f6glichkeit der Eingabe von pers\u00f6nlichen Daten besteht, erfolgt diese freiwillig. Wir erkl\u00e4ren ausdr\u00fccklich, &hellip; <\/p>\n<p class=\"link-more\"><a href=\"http:\/\/energiespundwand.net\/wordpress\/datenschutzerklaerung\/\" class=\"more-link\"><span class=\"screen-reader-text\">\u201eDatenschutzerkl\u00e4rung\u201c<\/span> weiterlesen<\/a><\/p>\n","protected":false},"author":1,"featured_media":0,"parent":0,"menu_order":0,"comment_status":"closed","ping_status":"closed","template":"","meta":{"footnotes":""},"class_list":["post-379","page","type-page","status-publish","hentry"],"_links":{"self":[{"href":"http:\/\/energiespundwand.net\/wordpress\/wp-json\/wp\/v2\/pages\/379","targetHints":{"allow":["GET"]}}],"collection":[{"href":"http:\/\/energiespundwand.net\/wordpress\/wp-json\/wp\/v2\/pages"}],"about":[{"href":"http:\/\/energiespundwand.net\/wordpress\/wp-json\/wp\/v2\/types\/page"}],"author":[{"embeddable":true,"href":"http:\/\/energiespundwand.net\/wordpress\/wp-json\/wp\/v2\/users\/1"}],"replies":[{"embeddable":true,"href":"http:\/\/energiespundwand.net\/wordpress\/wp-json\/wp\/v2\/comments?post=379"}],"version-history":[{"count":4,"href":"http:\/\/energiespundwand.net\/wordpress\/wp-json\/wp\/v2\/pages\/379\/revisions"}],"predecessor-version":[{"id":392,"href":"http:\/\/energiespundwand.net\/wordpress\/wp-json\/wp\/v2\/pages\/379\/revisions\/392"}],"wp:attachment":[{"href":"http:\/\/energiespundwand.net\/wordpress\/wp-json\/wp\/v2\/media?parent=379"}],"curies":[{"name":"wp","href":"https:\/\/api.w.org\/{rel}","templated":true}]}}